{"id":604,"date":"2020-10-24T15:30:50","date_gmt":"2020-10-24T15:30:50","guid":{"rendered":"https:\/\/apartrenate.at\/?page_id=604"},"modified":"2022-09-17T21:11:45","modified_gmt":"2022-09-17T20:11:45","slug":"impressum","status":"publish","type":"page","link":"https:\/\/apartrenate.at\/en\/impressum\/","title":{"rendered":"Imprint"},"content":{"rendered":"<div data-elementor-type=\"wp-page\" data-elementor-id=\"604\" class=\"elementor elementor-604\">\n\t\t\t\t\t\t<section class=\"elementor-section elementor-top-section elementor-element elementor-element-5c073dc elementor-section-boxed elementor-section-height-default elementor-section-height-default\" data-id=\"5c073dc\" data-element_type=\"section\">\n\t\t\t\t\t\t<div class=\"elementor-container elementor-column-gap-default\">\n\t\t\t\t\t<div class=\"elementor-column elementor-col-100 elementor-top-column elementor-element elementor-element-c825abf\" data-id=\"c825abf\" data-element_type=\"column\">\n\t\t\t<div class=\"elementor-widget-wrap\">\n\t\t\t\t\t\t\t<\/div>\n\t\t<\/div>\n\t\t\t\t\t<\/div>\n\t\t<\/section>\n\t\t\t\t<section class=\"elementor-section elementor-top-section elementor-element elementor-element-30ecc61 elementor-section-boxed elementor-section-height-default elementor-section-height-default\" data-id=\"30ecc61\" data-element_type=\"section\">\n\t\t\t\t\t\t<div class=\"elementor-container elementor-column-gap-default\">\n\t\t\t\t\t<div class=\"elementor-column elementor-col-100 elementor-top-column elementor-element elementor-element-b9715a1\" data-id=\"b9715a1\" data-element_type=\"column\">\n\t\t\t<div class=\"elementor-widget-wrap elementor-element-populated\">\n\t\t\t\t\t\t<div class=\"elementor-element elementor-element-9714bea elementor-widget elementor-widget-heading\" data-id=\"9714bea\" data-element_type=\"widget\" data-widget_type=\"heading.default\">\n\t\t\t\t<div class=\"elementor-widget-container\">\n\t\t\t\t\t<h1 class=\"elementor-heading-title elementor-size-default\">Imprint<\/h1>\t\t\t\t<\/div>\n\t\t\t\t<\/div>\n\t\t\t\t\t<\/div>\n\t\t<\/div>\n\t\t\t\t\t<\/div>\n\t\t<\/section>\n\t\t\t\t<section class=\"elementor-section elementor-top-section elementor-element elementor-element-ea04039 elementor-section-boxed elementor-section-height-default elementor-section-height-default\" data-id=\"ea04039\" data-element_type=\"section\">\n\t\t\t\t\t\t<div class=\"elementor-container elementor-column-gap-default\">\n\t\t\t\t\t<div class=\"elementor-column elementor-col-100 elementor-top-column elementor-element elementor-element-7188d84\" data-id=\"7188d84\" data-element_type=\"column\">\n\t\t\t<div class=\"elementor-widget-wrap elementor-element-populated\">\n\t\t\t\t\t\t<div class=\"elementor-element elementor-element-4b392bb elementor-widget elementor-widget-text-editor\" data-id=\"4b392bb\" data-element_type=\"widget\" data-widget_type=\"text-editor.default\">\n\t\t\t\t<div class=\"elementor-widget-container\">\n\t\t\t\t\t\t\t\t\t<p><\/p>\n<p><b><span style=\"color: #595959; font-family: Oxygen, sans-serif; font-size: 18.7px; font-style: normal; font-variant-ligatures: normal; font-variant-caps: normal; letter-spacing: normal; text-align: start; text-indent: 0px; text-transform: none; white-space: normal; word-spacing: 0px; -webkit-text-stroke-width: 0px; background-color: #ffffff; text-decoration-thickness: initial; text-decoration-style: initial; text-decoration-color: initial; display: inline !important; float: none;\">Ap<\/span><span style=\"color: #595959; font-family: Oxygen, sans-serif; font-size: 18.7px; font-style: normal; font-variant-ligatures: normal; font-variant-caps: normal; letter-spacing: normal; text-align: start; text-indent: 0px; text-transform: none; white-space: normal; word-spacing: 0px; -webkit-text-stroke-width: 0px; background-color: #ffffff; text-decoration-thickness: initial; text-decoration-style: initial; text-decoration-color: initial; display: inline !important; float: none;\">art Renate<\/span><\/b><br style=\"box-sizing: border-box; color: #595959; font-family: Oxygen, sans-serif; font-size: 18.7px; font-style: normal; font-variant-ligatures: normal; font-variant-caps: normal; font-weight: 500; letter-spacing: normal; orphans: 2; text-align: start; text-indent: 0px; text-transform: none; white-space: normal; widows: 2; word-spacing: 0px; -webkit-text-stroke-width: 0px; background-color: #ffffff; text-decoration-thickness: initial; text-decoration-style: initial; text-decoration-color: initial;\"><span style=\"color: #595959; font-family: Oxygen, sans-serif; font-size: 18.7px; font-style: normal; font-variant-ligatures: normal; font-variant-caps: normal; font-weight: 500; letter-spacing: normal; orphans: 2; text-align: start; text-indent: 0px; text-transform: none; white-space: normal; widows: 2; word-spacing: 0px; -webkit-text-stroke-width: 0px; background-color: #ffffff; text-decoration-thickness: initial; text-decoration-style: initial; text-decoration-color: initial; display: inline !important; float: none;\">Renate Platz<\/span><br style=\"box-sizing: border-box; color: #595959; font-family: Oxygen, sans-serif; font-size: 18.7px; font-style: normal; font-variant-ligatures: normal; font-variant-caps: normal; font-weight: 500; letter-spacing: normal; orphans: 2; text-align: start; text-indent: 0px; text-transform: none; white-space: normal; widows: 2; word-spacing: 0px; -webkit-text-stroke-width: 0px; background-color: #ffffff; text-decoration-thickness: initial; text-decoration-style: initial; text-decoration-color: initial;\"><span style=\"color: #595959; font-family: Oxygen, sans-serif; font-size: 18.7px; font-style: normal; font-variant-ligatures: normal; font-variant-caps: normal; font-weight: 500; letter-spacing: normal; orphans: 2; text-align: start; text-indent: 0px; text-transform: none; white-space: normal; widows: 2; word-spacing: 0px; -webkit-text-stroke-width: 0px; background-color: #ffffff; text-decoration-thickness: initial; text-decoration-style: initial; text-decoration-color: initial; display: inline !important; float: none;\">Brandau 531<\/span><br style=\"box-sizing: border-box; color: #595959; font-family: Oxygen, sans-serif; font-size: 18.7px; font-style: normal; font-variant-ligatures: normal; font-variant-caps: normal; font-weight: 500; letter-spacing: normal; orphans: 2; text-align: start; text-indent: 0px; text-transform: none; white-space: normal; widows: 2; word-spacing: 0px; -webkit-text-stroke-width: 0px; background-color: #ffffff; text-decoration-thickness: initial; text-decoration-style: initial; text-decoration-color: initial;\"><span style=\"color: #595959; font-family: Oxygen, sans-serif; font-size: 18.7px; font-style: normal; font-variant-ligatures: normal; font-variant-caps: normal; font-weight: 500; letter-spacing: normal; orphans: 2; text-align: start; text-indent: 0px; text-transform: none; white-space: normal; widows: 2; word-spacing: 0px; -webkit-text-stroke-width: 0px; background-color: #ffffff; text-decoration-thickness: initial; text-decoration-style: initial; text-decoration-color: initial; display: inline !important; float: none;\">6555 Kappl<\/span><br style=\"box-sizing: border-box; color: #595959; font-family: Oxygen, sans-serif; font-size: 18.7px; font-style: normal; font-variant-ligatures: normal; font-variant-caps: normal; font-weight: 500; letter-spacing: normal; orphans: 2; text-align: start; text-indent: 0px; text-transform: none; white-space: normal; widows: 2; word-spacing: 0px; -webkit-text-stroke-width: 0px; background-color: #ffffff; text-decoration-thickness: initial; text-decoration-style: initial; text-decoration-color: initial;\"><span style=\"color: #595959; font-family: Oxygen, sans-serif; font-size: 18.7px; font-style: normal; font-variant-ligatures: normal; font-variant-caps: normal; font-weight: 500; letter-spacing: normal; orphans: 2; text-align: start; text-indent: 0px; text-transform: none; white-space: normal; widows: 2; word-spacing: 0px; -webkit-text-stroke-width: 0px; background-color: #ffffff; text-decoration-thickness: initial; text-decoration-style: initial; text-decoration-color: initial; display: inline !important; float: none;\">\u00d6sterreich<br><\/span><br style=\"box-sizing: border-box; color: #595959; font-family: Oxygen, sans-serif; font-size: 18.7px; font-style: normal; font-variant-ligatures: normal; font-variant-caps: normal; font-weight: 500; letter-spacing: normal; orphans: 2; text-align: start; text-indent: 0px; text-transform: none; white-space: normal; widows: 2; word-spacing: 0px; -webkit-text-stroke-width: 0px; background-color: #ffffff; text-decoration-thickness: initial; text-decoration-style: initial; text-decoration-color: initial;\"><a style=\"box-sizing: border-box; border: 0px; font-size: 18.7px; font-style: normal; font-weight: 500; margin: 0px; outline: 0px; padding: 0px; vertical-align: baseline; background-color: #ffffff; text-decoration: none; color: var(--e-global-color-accent); transition: all 0.2s linear 0s; box-shadow: none; font-family: Oxygen, sans-serif; font-variant-ligatures: normal; font-variant-caps: normal; letter-spacing: normal; orphans: 2; text-align: start; text-indent: 0px; text-transform: none; white-space: normal; widows: 2; word-spacing: 0px; -webkit-text-stroke-width: 0px;\" href=\"mailto:info@apartrenate.at\">info@apartrenate.at<\/a><br style=\"box-sizing: border-box; color: #595959; font-family: Oxygen, sans-serif; font-size: 18.7px; font-style: normal; font-variant-ligatures: normal; font-variant-caps: normal; font-weight: 500; letter-spacing: normal; orphans: 2; text-align: start; text-indent: 0px; text-transform: none; white-space: normal; widows: 2; word-spacing: 0px; -webkit-text-stroke-width: 0px; background-color: #ffffff; text-decoration-thickness: initial; text-decoration-style: initial; text-decoration-color: initial;\"><span style=\"color: #595959; font-family: Oxygen, sans-serif; font-size: 18.7px; font-style: normal; font-variant-ligatures: normal; font-variant-caps: normal; font-weight: 500; letter-spacing: normal; orphans: 2; text-align: start; text-indent: 0px; text-transform: none; white-space: normal; widows: 2; word-spacing: 0px; -webkit-text-stroke-width: 0px; background-color: #ffffff; text-decoration-thickness: initial; text-decoration-style: initial; text-decoration-color: initial; display: inline !important; float: none;\">+43 650 3004007<br><br><\/span><\/p>\n<h2>Haftungs- und Schutzrechtshinweise<\/h2>\n<p>Haftungsausschluss: Die Inhalte dieses Onlineangebotes wurden sorgf\u00e4ltig und nach unserem aktuellen Kenntnisstand erstellt, dienen jedoch nur der Information und entfalten keine rechtlich bindende Wirkung, sofern es sich nicht um gesetzlich verpflichtende Informationen (z.B. das Impressum, die Datenschutzerkl\u00e4rung, AGB oder verpflichtende Belehrungen von Verbrauchern) handelt. Wir behalten uns vor, die Inhalte vollst\u00e4ndig oder teilweise zu \u00e4ndern oder zu l\u00f6schen, soweit vertragliche Verpflichtungen unber\u00fchrt bleiben. Alle Angebote sind freibleibend und unverbindlich.<\/p>\n<p>Links auf fremde Webseiten: Die Inhalte fremder Webseiten, auf die wir direkt oder indirekt verweisen, liegen au\u00dferhalb unseres Verantwortungsbereiches und wir machen sie uns nicht zu Eigen. F\u00fcr alle Inhalte und Nachteile, die aus der Nutzung der in den verlinkten Webseiten aufrufbaren Informationen entstehen, \u00fcbernehmen wir keine Verantwortung.<\/p>\n<p>Urheberrechte und Markenrechte: Alle auf dieser Website dargestellten Inhalte, wie Texte, Fotografien, Grafiken, Marken und Warenzeichen sind durch die jeweiligen Schutzrechte (Urheberrechte, Markenrechte) gesch\u00fctzt. Die Verwendung, Vervielf\u00e4ltigung usw. unterliegen unseren Rechten oder den Rechten der jeweiligen Urheber bzw. Rechteinhaber.<\/p>\n<p>Hinweise auf Rechtsverst\u00f6\u00dfe: Sollten Sie innerhalb unseres Internetauftritts Rechtsverst\u00f6\u00dfe bemerken, bitten wir Sie uns auf diese hinzuweisen. Wir werden rechtswidrige Inhalte und Links nach Kenntnisnahme unverz\u00fcglich entfernen.<\/p>\n<h2>Bildnachweise<\/h2>\n<p>TVB Paznaun Ischgl<\/p>\t\t\t\t\t\t\t\t<\/div>\n\t\t\t\t<\/div>\n\t\t\t\t\t<\/div>\n\t\t<\/div>\n\t\t\t\t\t<\/div>\n\t\t<\/section>\n\t\t\t\t<\/div>","protected":false},"excerpt":{"rendered":"<p>Impressum Apart RenateRenate PlatzBrandau 5316555 Kappl\u00d6sterreichinfo@apartrenate.at+43 650 3004007 Haftungs- und Schutzrechtshinweise Haftungsausschluss: Die Inhalte dieses Onlineangebotes wurden sorgf\u00e4ltig und nach unserem aktuellen Kenntnisstand erstellt, dienen jedoch nur der Information und entfalten keine rechtlich bindende Wirkung, sofern es sich nicht um gesetzlich verpflichtende Informationen (z.B. das Impressum, die Datenschutzerkl\u00e4rung, AGB oder verpflichtende Belehrungen von Verbrauchern) handelt. [&hellip;]<\/p>","protected":false},"author":1,"featured_media":0,"parent":0,"menu_order":0,"comment_status":"closed","ping_status":"closed","template":"","meta":{"site-sidebar-layout":"no-sidebar","site-content-layout":"page-builder","ast-site-content-layout":"default","site-content-style":"default","site-sidebar-style":"default","ast-global-header-display":"","ast-banner-title-visibility":"","ast-main-header-display":"","ast-hfb-above-header-display":"","ast-hfb-below-header-display":"","ast-hfb-mobile-header-display":"","site-post-title":"disabled","ast-breadcrumbs-content":"","ast-featured-img":"disabled","footer-sml-layout":"","theme-transparent-header-meta":"default","adv-header-id-meta":"","stick-header-meta":"","header-above-stick-meta":"","header-main-stick-meta":"","header-below-stick-meta":"","astra-migrate-meta-layouts":"default","ast-page-background-enabled":"default","ast-page-background-meta":{"desktop":{"background-color":"","background-image":"","background-repeat":"repeat","background-position":"center center","background-size":"auto","background-attachment":"scroll","background-type":"","background-media":"","overlay-type":"","overlay-color":"","overlay-opacity":"","overlay-gradient":""},"tablet":{"background-color":"","background-image":"","background-repeat":"repeat","background-position":"center center","background-size":"auto","background-attachment":"scroll","background-type":"","background-media":"","overlay-type":"","overlay-color":"","overlay-opacity":"","overlay-gradient":""},"mobile":{"background-color":"","background-image":"","background-repeat":"repeat","background-position":"center center","background-size":"auto","background-attachment":"scroll","background-type":"","background-media":"","overlay-type":"","overlay-color":"","overlay-opacity":"","overlay-gradient":""}},"ast-content-background-meta":{"desktop":{"background-color":"var(--ast-global-color-5)","background-image":"","background-repeat":"repeat","background-position":"center center","background-size":"auto","background-attachment":"scroll","background-type":"","background-media":"","overlay-type":"","overlay-color":"","overlay-opacity":"","overlay-gradient":""},"tablet":{"background-color":"var(--ast-global-color-5)","background-image":"","background-repeat":"repeat","background-position":"center center","background-size":"auto","background-attachment":"scroll","background-type":"","background-media":"","overlay-type":"","overlay-color":"","overlay-opacity":"","overlay-gradient":""},"mobile":{"background-color":"var(--ast-global-color-5)","background-image":"","background-repeat":"repeat","background-position":"center center","background-size":"auto","background-attachment":"scroll","background-type":"","background-media":"","overlay-type":"","overlay-color":"","overlay-opacity":"","overlay-gradient":""}},"footnotes":""},"class_list":["post-604","page","type-page","status-publish","hentry"],"yoast_head":"<!-- This site is optimized with the Yoast SEO plugin v26.3 - https:\/\/yoast.com\/wordpress\/plugins\/seo\/ -->\n<title>Impressum - Apart Renate - Kappl\/Paznaun\/Tirol\/\u00d6sterreich<\/title>\n<meta name=\"description\" content=\"Erhalten Sie in unserem Impressum genauere Informationen zur Website vom Apart Renate in Kappl\/Paznaun\/Tirol.\" \/>\n<meta name=\"robots\" content=\"index, follow, max-snippet:-1, max-image-preview:large, max-video-preview:-1\" \/>\n<link rel=\"canonical\" href=\"https:\/\/apartrenate.at\/en\/impressum\/\" \/>\n<meta property=\"og:locale\" content=\"en_GB\" \/>\n<meta property=\"og:type\" content=\"article\" \/>\n<meta property=\"og:title\" content=\"Impressum - Apart Renate - Kappl\/Paznaun\/Tirol\/\u00d6sterreich\" \/>\n<meta property=\"og:description\" content=\"Erhalten Sie in unserem Impressum genauere Informationen zur Website vom Apart Renate in Kappl\/Paznaun\/Tirol.\" \/>\n<meta property=\"og:url\" content=\"https:\/\/apartrenate.at\/en\/impressum\/\" \/>\n<meta property=\"og:site_name\" content=\"Apart Renate - Kappl\" \/>\n<meta property=\"article:modified_time\" content=\"2022-09-17T20:11:45+00:00\" \/>\n<meta name=\"twitter:card\" content=\"summary_large_image\" \/>\n<meta name=\"twitter:label1\" content=\"Estimated reading time\" \/>\n\t<meta name=\"twitter:data1\" content=\"2 minutes\" \/>\n<script type=\"application\/ld+json\" class=\"yoast-schema-graph\">{\"@context\":\"https:\/\/schema.org\",\"@graph\":[{\"@type\":\"WebPage\",\"@id\":\"https:\/\/apartrenate.at\/impressum\/\",\"url\":\"https:\/\/apartrenate.at\/impressum\/\",\"name\":\"Impressum - Apart Renate - Kappl\/Paznaun\/Tirol\/\u00d6sterreich\",\"isPartOf\":{\"@id\":\"https:\/\/apartrenate.at\/#website\"},\"datePublished\":\"2020-10-24T15:30:50+00:00\",\"dateModified\":\"2022-09-17T20:11:45+00:00\",\"description\":\"Erhalten Sie in unserem Impressum genauere Informationen zur Website vom Apart Renate in Kappl\/Paznaun\/Tirol.\",\"breadcrumb\":{\"@id\":\"https:\/\/apartrenate.at\/impressum\/#breadcrumb\"},\"inLanguage\":\"en-GB\",\"potentialAction\":[{\"@type\":\"ReadAction\",\"target\":[\"https:\/\/apartrenate.at\/impressum\/\"]}]},{\"@type\":\"BreadcrumbList\",\"@id\":\"https:\/\/apartrenate.at\/impressum\/#breadcrumb\",\"itemListElement\":[{\"@type\":\"ListItem\",\"position\":1,\"name\":\"Startseite\",\"item\":\"https:\/\/apartrenate.at\/\"},{\"@type\":\"ListItem\",\"position\":2,\"name\":\"Impressum\"}]},{\"@type\":\"WebSite\",\"@id\":\"https:\/\/apartrenate.at\/#website\",\"url\":\"https:\/\/apartrenate.at\/\",\"name\":\"Apart Renate - Kappl\",\"description\":\"Urlaub. Wohlf\u00fchlen. Abschalten.\",\"publisher\":{\"@id\":\"https:\/\/apartrenate.at\/#organization\"},\"potentialAction\":[{\"@type\":\"SearchAction\",\"target\":{\"@type\":\"EntryPoint\",\"urlTemplate\":\"https:\/\/apartrenate.at\/?s={search_term_string}\"},\"query-input\":{\"@type\":\"PropertyValueSpecification\",\"valueRequired\":true,\"valueName\":\"search_term_string\"}}],\"inLanguage\":\"en-GB\"},{\"@type\":\"Organization\",\"@id\":\"https:\/\/apartrenate.at\/#organization\",\"name\":\"Apart Renate\",\"url\":\"https:\/\/apartrenate.at\/\",\"logo\":{\"@type\":\"ImageObject\",\"inLanguage\":\"en-GB\",\"@id\":\"https:\/\/apartrenate.at\/#\/schema\/logo\/image\/\",\"url\":\"https:\/\/apartrenate.at\/wp-content\/uploads\/2020\/10\/logo-website-apart-renate-kappl-350x100-rahmen.png\",\"contentUrl\":\"https:\/\/apartrenate.at\/wp-content\/uploads\/2020\/10\/logo-website-apart-renate-kappl-350x100-rahmen.png\",\"width\":350,\"height\":100,\"caption\":\"Apart Renate\"},\"image\":{\"@id\":\"https:\/\/apartrenate.at\/#\/schema\/logo\/image\/\"}}]}<\/script>\n<!-- \/ Yoast SEO plugin. -->","yoast_head_json":{"title":"Impressum - Apart Renate - Kappl\/Paznaun\/Tirol\/\u00d6sterreich","description":"Erhalten Sie in unserem Impressum genauere Informationen zur Website vom Apart Renate in Kappl\/Paznaun\/Tirol.","robots":{"index":"index","follow":"follow","max-snippet":"max-snippet:-1","max-image-preview":"max-image-preview:large","max-video-preview":"max-video-preview:-1"},"canonical":"https:\/\/apartrenate.at\/en\/impressum\/","og_locale":"en_GB","og_type":"article","og_title":"Impressum - Apart Renate - Kappl\/Paznaun\/Tirol\/\u00d6sterreich","og_description":"Erhalten Sie in unserem Impressum genauere Informationen zur Website vom Apart Renate in Kappl\/Paznaun\/Tirol.","og_url":"https:\/\/apartrenate.at\/en\/impressum\/","og_site_name":"Apart Renate - Kappl","article_modified_time":"2022-09-17T20:11:45+00:00","twitter_card":"summary_large_image","twitter_misc":{"Estimated reading time":"2 minutes"},"schema":{"@context":"https:\/\/schema.org","@graph":[{"@type":"WebPage","@id":"https:\/\/apartrenate.at\/impressum\/","url":"https:\/\/apartrenate.at\/impressum\/","name":"Impressum - Apart Renate - Kappl\/Paznaun\/Tirol\/\u00d6sterreich","isPartOf":{"@id":"https:\/\/apartrenate.at\/#website"},"datePublished":"2020-10-24T15:30:50+00:00","dateModified":"2022-09-17T20:11:45+00:00","description":"Erhalten Sie in unserem Impressum genauere Informationen zur Website vom Apart Renate in Kappl\/Paznaun\/Tirol.","breadcrumb":{"@id":"https:\/\/apartrenate.at\/impressum\/#breadcrumb"},"inLanguage":"en-GB","potentialAction":[{"@type":"ReadAction","target":["https:\/\/apartrenate.at\/impressum\/"]}]},{"@type":"BreadcrumbList","@id":"https:\/\/apartrenate.at\/impressum\/#breadcrumb","itemListElement":[{"@type":"ListItem","position":1,"name":"Startseite","item":"https:\/\/apartrenate.at\/"},{"@type":"ListItem","position":2,"name":"Impressum"}]},{"@type":"WebSite","@id":"https:\/\/apartrenate.at\/#website","url":"https:\/\/apartrenate.at\/","name":"Apart Renate - Kappl","description":"Vacation. Feel Good. Switch Off.","publisher":{"@id":"https:\/\/apartrenate.at\/#organization"},"potentialAction":[{"@type":"SearchAction","target":{"@type":"EntryPoint","urlTemplate":"https:\/\/apartrenate.at\/?s={search_term_string}"},"query-input":{"@type":"PropertyValueSpecification","valueRequired":true,"valueName":"search_term_string"}}],"inLanguage":"en-GB"},{"@type":"Organization","@id":"https:\/\/apartrenate.at\/#organization","name":"Apart Renate","url":"https:\/\/apartrenate.at\/","logo":{"@type":"ImageObject","inLanguage":"en-GB","@id":"https:\/\/apartrenate.at\/#\/schema\/logo\/image\/","url":"https:\/\/apartrenate.at\/wp-content\/uploads\/2020\/10\/logo-website-apart-renate-kappl-350x100-rahmen.png","contentUrl":"https:\/\/apartrenate.at\/wp-content\/uploads\/2020\/10\/logo-website-apart-renate-kappl-350x100-rahmen.png","width":350,"height":100,"caption":"Apart Renate"},"image":{"@id":"https:\/\/apartrenate.at\/#\/schema\/logo\/image\/"}}]}},"_links":{"self":[{"href":"https:\/\/apartrenate.at\/en\/wp-json\/wp\/v2\/pages\/604","targetHints":{"allow":["GET"]}}],"collection":[{"href":"https:\/\/apartrenate.at\/en\/wp-json\/wp\/v2\/pages"}],"about":[{"href":"https:\/\/apartrenate.at\/en\/wp-json\/wp\/v2\/types\/page"}],"author":[{"embeddable":true,"href":"https:\/\/apartrenate.at\/en\/wp-json\/wp\/v2\/users\/1"}],"replies":[{"embeddable":true,"href":"https:\/\/apartrenate.at\/en\/wp-json\/wp\/v2\/comments?post=604"}],"version-history":[{"count":6,"href":"https:\/\/apartrenate.at\/en\/wp-json\/wp\/v2\/pages\/604\/revisions"}],"predecessor-version":[{"id":1412,"href":"https:\/\/apartrenate.at\/en\/wp-json\/wp\/v2\/pages\/604\/revisions\/1412"}],"wp:attachment":[{"href":"https:\/\/apartrenate.at\/en\/wp-json\/wp\/v2\/media?parent=604"}],"curies":[{"name":"wp","href":"https:\/\/api.w.org\/{rel}","templated":true}]}}